{"id":210,"date":"2022-05-02T05:32:00","date_gmt":"2022-05-02T08:32:00","guid":{"rendered":"http:\/\/mnuc.com.br\/?page_id=210"},"modified":"2022-05-02T05:56:16","modified_gmt":"2022-05-02T08:56:16","slug":"noticias","status":"publish","type":"page","link":"https:\/\/mnuc.com.br\/index.php\/noticias\/","title":{"rendered":"Not\u00edcias"},"content":{"rendered":"\t\t<div data-elementor-type=\"wp-page\" data-elementor-id=\"210\" class=\"elementor elementor-210\">\n\t\t\t\t\t\t<section class=\"elementor-section elementor-top-section elementor-element elementor-element-56db026 elementor-section-boxed elementor-section-height-default elementor-section-height-default\" data-id=\"56db026\" data-element_type=\"section\" data-e-type=\"section\">\n\t\t\t\t\t\t<div class=\"elementor-container elementor-column-gap-default\">\n\t\t\t\t\t<div class=\"elementor-column elementor-col-100 elementor-top-column elementor-element elementor-element-196f7d8\" data-id=\"196f7d8\" data-element_type=\"column\" data-e-type=\"column\">\n\t\t\t<div class=\"elementor-widget-wrap elementor-element-populated\">\n\t\t\t\t\t\t<div class=\"elementor-element elementor-element-4d0c543 elementor-hidden-mobile elementor-widget elementor-widget-spacer\" data-id=\"4d0c543\" data-element_type=\"widget\" data-e-type=\"widget\" data-widget_type=\"spacer.default\">\n\t\t\t\t<div class=\"elementor-widget-container\">\n\t\t\t\t\t\t\t<div class=\"elementor-spacer\">\n\t\t\t<div class=\"elementor-spacer-inner\"><\/div>\n\t\t<\/div>\n\t\t\t\t\t\t<\/div>\n\t\t\t\t<\/div>\n\t\t\t\t<div class=\"elementor-element elementor-element-d030161 elementor-widget elementor-widget-text-editor\" data-id=\"d030161\" data-element_type=\"widget\" data-e-type=\"widget\" data-widget_type=\"text-editor.default\">\n\t\t\t\t<div class=\"elementor-widget-container\">\n\t\t\t\t\t\t\t\t\t<p><span style=\"color: #0298d2;\">\u00daltimas<\/span> Not\u00edcias<\/p>\t\t\t\t\t\t\t\t<\/div>\n\t\t\t\t<\/div>\n\t\t\t\t<div class=\"elementor-element elementor-element-1c28a85 elementor-widget-divider--view-line elementor-widget elementor-widget-divider\" data-id=\"1c28a85\" data-element_type=\"widget\" data-e-type=\"widget\" data-widget_type=\"divider.default\">\n\t\t\t\t<div class=\"elementor-widget-container\">\n\t\t\t\t\t\t\t<div class=\"elementor-divider\">\n\t\t\t<span class=\"elementor-divider-separator\">\n\t\t\t\t\t\t<\/span>\n\t\t<\/div>\n\t\t\t\t\t\t<\/div>\n\t\t\t\t<\/div>\n\t\t\t\t\t<\/div>\n\t\t<\/div>\n\t\t\t\t\t<\/div>\n\t\t<\/section>\n\t\t\t\t<section class=\"elementor-section elementor-top-section elementor-element elementor-element-8a293a6 elementor-section-boxed elementor-section-height-default elementor-section-height-default\" data-id=\"8a293a6\" data-element_type=\"section\" data-e-type=\"section\">\n\t\t\t\t\t\t<div class=\"elementor-container elementor-column-gap-default\">\n\t\t\t\t\t<div class=\"elementor-column elementor-col-100 elementor-top-column elementor-element elementor-element-117c2d0\" data-id=\"117c2d0\" data-element_type=\"column\" data-e-type=\"column\">\n\t\t\t<div class=\"elementor-widget-wrap elementor-element-populated\">\n\t\t\t\t\t\t<div class=\"elementor-element elementor-element-148feee elementor-grid-3 elementor-grid-tablet-2 elementor-grid-mobile-1 elementor-posts--thumbnail-top elementor-widget elementor-widget-posts\" data-id=\"148feee\" data-element_type=\"widget\" data-e-type=\"widget\" data-settings=\"{&quot;classic_columns&quot;:&quot;3&quot;,&quot;classic_columns_tablet&quot;:&quot;2&quot;,&quot;classic_columns_mobile&quot;:&quot;1&quot;,&quot;classic_row_gap&quot;:{&quot;unit&quot;:&quot;px&quot;,&quot;size&quot;:35,&quot;sizes&quot;:[]},&quot;classic_row_gap_tablet&quot;:{&quot;unit&quot;:&quot;px&quot;,&quot;size&quot;:&quot;&quot;,&quot;sizes&quot;:[]},&quot;classic_row_gap_mobile&quot;:{&quot;unit&quot;:&quot;px&quot;,&quot;size&quot;:&quot;&quot;,&quot;sizes&quot;:[]}}\" data-widget_type=\"posts.classic\">\n\t\t\t\t<div class=\"elementor-widget-container\">\n\t\t\t\t\t\t\t<div class=\"elementor-posts-container elementor-posts elementor-posts--skin-classic elementor-grid\">\n\t\t\t\t<article class=\"elementor-post elementor-grid-item post-206 post type-post status-publish format-standard has-post-thumbnail hentry category-sem-categoria\">\n\t\t\t\t<a class=\"elementor-post__thumbnail__link\" href=\"https:\/\/mnuc.com.br\/index.php\/2022\/05\/02\/maquina-inovadora-chega-ao-brasil-3\/\" target=&quot;_blank&quot;>\n\t\t\t<div class=\"elementor-post__thumbnail\"><img decoding=\"async\" width=\"300\" height=\"157\" src=\"https:\/\/mnuc.com.br\/wp-content\/uploads\/2022\/05\/aparelho-de-medicina-nuclear-300x157.jpg\" class=\"attachment-medium size-medium wp-image-269\" alt=\"\" srcset=\"https:\/\/mnuc.com.br\/wp-content\/uploads\/2022\/05\/aparelho-de-medicina-nuclear-300x157.jpg 300w, https:\/\/mnuc.com.br\/wp-content\/uploads\/2022\/05\/aparelho-de-medicina-nuclear-1024x536.jpg 1024w, https:\/\/mnuc.com.br\/wp-content\/uploads\/2022\/05\/aparelho-de-medicina-nuclear-768x402.jpg 768w, https:\/\/mnuc.com.br\/wp-content\/uploads\/2022\/05\/aparelho-de-medicina-nuclear.jpg 1200w\" sizes=\"(max-width: 300px) 100vw, 300px\" \/><\/div>\n\t\t<\/a>\n\t\t\t\t<div class=\"elementor-post__text\">\n\t\t\t\t<h3 class=\"elementor-post__title\">\n\t\t\t<a href=\"https:\/\/mnuc.com.br\/index.php\/2022\/05\/02\/maquina-inovadora-chega-ao-brasil-3\/\" target=&quot;_blank&quot;>\n\t\t\t\tM\u00c1QUINA INOVADORA CHEGA AO BRASIL\t\t\t<\/a>\n\t\t<\/h3>\n\t\t\t\t<div class=\"elementor-post__excerpt\">\n\t\t\t<p>M\u00c1QUINA INOVADORA CHEGA AO BRASIL EM MAR\u00c7O Como ocorre o diagn\u00f3stico por medicina nuclear?<\/p>\n\t\t<\/div>\n\t\t\t\t<\/div>\n\t\t\t\t<\/article>\n\t\t\t\t<article class=\"elementor-post elementor-grid-item post-207 post type-post status-publish format-standard has-post-thumbnail hentry category-sem-categoria\">\n\t\t\t\t<a class=\"elementor-post__thumbnail__link\" href=\"https:\/\/mnuc.com.br\/index.php\/2022\/05\/02\/maquina-inovadora-chega-ao-brasil-2\/\" target=&quot;_blank&quot;>\n\t\t\t<div class=\"elementor-post__thumbnail\"><img decoding=\"async\" width=\"300\" height=\"157\" src=\"https:\/\/mnuc.com.br\/wp-content\/uploads\/2022\/05\/aparelho-de-medicina-nuclear-300x157.jpg\" class=\"attachment-medium size-medium wp-image-269\" alt=\"\" srcset=\"https:\/\/mnuc.com.br\/wp-content\/uploads\/2022\/05\/aparelho-de-medicina-nuclear-300x157.jpg 300w, https:\/\/mnuc.com.br\/wp-content\/uploads\/2022\/05\/aparelho-de-medicina-nuclear-1024x536.jpg 1024w, https:\/\/mnuc.com.br\/wp-content\/uploads\/2022\/05\/aparelho-de-medicina-nuclear-768x402.jpg 768w, https:\/\/mnuc.com.br\/wp-content\/uploads\/2022\/05\/aparelho-de-medicina-nuclear.jpg 1200w\" sizes=\"(max-width: 300px) 100vw, 300px\" \/><\/div>\n\t\t<\/a>\n\t\t\t\t<div class=\"elementor-post__text\">\n\t\t\t\t<h3 class=\"elementor-post__title\">\n\t\t\t<a href=\"https:\/\/mnuc.com.br\/index.php\/2022\/05\/02\/maquina-inovadora-chega-ao-brasil-2\/\" target=&quot;_blank&quot;>\n\t\t\t\tM\u00c1QUINA INOVADORA CHEGA AO BRASIL\t\t\t<\/a>\n\t\t<\/h3>\n\t\t\t\t<div class=\"elementor-post__excerpt\">\n\t\t\t<p>M\u00c1QUINA INOVADORA CHEGA AO BRASIL EM MAR\u00c7O Como ocorre o diagn\u00f3stico por medicina nuclear?<\/p>\n\t\t<\/div>\n\t\t\t\t<\/div>\n\t\t\t\t<\/article>\n\t\t\t\t<article class=\"elementor-post elementor-grid-item post-182 post type-post status-publish format-standard has-post-thumbnail hentry category-sem-categoria\">\n\t\t\t\t<a class=\"elementor-post__thumbnail__link\" href=\"https:\/\/mnuc.com.br\/index.php\/2022\/05\/02\/maquina-inovadora-chega-ao-brasil\/\" target=&quot;_blank&quot;>\n\t\t\t<div class=\"elementor-post__thumbnail\"><img decoding=\"async\" width=\"300\" height=\"157\" src=\"https:\/\/mnuc.com.br\/wp-content\/uploads\/2022\/05\/aparelho-de-medicina-nuclear-300x157.jpg\" class=\"attachment-medium size-medium wp-image-269\" alt=\"\" srcset=\"https:\/\/mnuc.com.br\/wp-content\/uploads\/2022\/05\/aparelho-de-medicina-nuclear-300x157.jpg 300w, https:\/\/mnuc.com.br\/wp-content\/uploads\/2022\/05\/aparelho-de-medicina-nuclear-1024x536.jpg 1024w, https:\/\/mnuc.com.br\/wp-content\/uploads\/2022\/05\/aparelho-de-medicina-nuclear-768x402.jpg 768w, https:\/\/mnuc.com.br\/wp-content\/uploads\/2022\/05\/aparelho-de-medicina-nuclear.jpg 1200w\" sizes=\"(max-width: 300px) 100vw, 300px\" \/><\/div>\n\t\t<\/a>\n\t\t\t\t<div class=\"elementor-post__text\">\n\t\t\t\t<h3 class=\"elementor-post__title\">\n\t\t\t<a href=\"https:\/\/mnuc.com.br\/index.php\/2022\/05\/02\/maquina-inovadora-chega-ao-brasil\/\" target=&quot;_blank&quot;>\n\t\t\t\tM\u00c1QUINA INOVADORA CHEGA AO BRASIL\t\t\t<\/a>\n\t\t<\/h3>\n\t\t\t\t<div class=\"elementor-post__excerpt\">\n\t\t\t<p>M\u00c1QUINA INOVADORA CHEGA AO BRASIL EM MAR\u00c7O Como ocorre o diagn\u00f3stico por medicina nuclear?<\/p>\n\t\t<\/div>\n\t\t\t\t<\/div>\n\t\t\t\t<\/article>\n\t\t\t\t<\/div>\n\n\n\t\t\n\t\t\t\t\t\t<\/div>\n\t\t\t\t<\/div>\n\t\t\t\t\t<\/div>\n\t\t<\/div>\n\t\t\t\t\t<\/div>\n\t\t<\/section>\n\t\t\t\t<\/div>\n\t\t","protected":false},"excerpt":{"rendered":"<p>\u00daltimas Not\u00edcias<\/p>\n","protected":false},"author":1,"featured_media":0,"parent":0,"menu_order":0,"comment_status":"closed","ping_status":"closed","template":"","meta":{"om_disable_all_campaigns":false,"footnotes":""},"class_list":["post-210","page","type-page","status-publish","hentry"],"_links":{"self":[{"href":"https:\/\/mnuc.com.br\/index.php\/wp-json\/wp\/v2\/pages\/210","targetHints":{"allow":["GET"]}}],"collection":[{"href":"https:\/\/mnuc.com.br\/index.php\/wp-json\/wp\/v2\/pages"}],"about":[{"href":"https:\/\/mnuc.com.br\/index.php\/wp-json\/wp\/v2\/types\/page"}],"author":[{"embeddable":true,"href":"https:\/\/mnuc.com.br\/index.php\/wp-json\/wp\/v2\/users\/1"}],"replies":[{"embeddable":true,"href":"https:\/\/mnuc.com.br\/index.php\/wp-json\/wp\/v2\/comments?post=210"}],"version-history":[{"count":22,"href":"https:\/\/mnuc.com.br\/index.php\/wp-json\/wp\/v2\/pages\/210\/revisions"}],"predecessor-version":[{"id":234,"href":"https:\/\/mnuc.com.br\/index.php\/wp-json\/wp\/v2\/pages\/210\/revisions\/234"}],"wp:attachment":[{"href":"https:\/\/mnuc.com.br\/index.php\/wp-json\/wp\/v2\/media?parent=210"}],"curies":[{"name":"wp","href":"https:\/\/api.w.org\/{rel}","templated":true}]}}